{"id":3,"date":"2023-03-17T08:27:49","date_gmt":"2023-03-17T08:27:49","guid":{"rendered":"https:\/\/amalteacultura.com\/acalab\/?page_id=3"},"modified":"2023-03-19T07:40:55","modified_gmt":"2023-03-19T07:40:55","slug":"privacy-policy","status":"publish","type":"page","link":"https:\/\/amalteacultura.com\/acalab\/index.php\/privacy-policy\/","title":{"rendered":"Pol\u00edtica de privacidad"},"content":{"rendered":"\n<p>Pol\u00edtica de privacidad: De conformidad con lo establecido en la normativa vigente en Protecci\u00f3n  de Datos de Car\u00e1cter Personal (RGPD) y la <a aria-label=\"Ley 34\/2002 (se abre en una nueva pesta\u00f1a)\" href=\"https:\/\/www.boe.es\/eli\/es\/l\/2002\/07\/11\/34\/con\" target=\"_blank\" rel=\"noreferrer noopener\">Ley 34\/2002<\/a>, de 11 de julio,  de Servicios de la Sociedad de la Informaci\u00f3n y de Comercio Electr\u00f3nico  (LSSI-CE),  amaltea cultura S.L.U.  le informa que los datos ser\u00e1n conservados durante el plazo estrictamente necesario  para cumplir con los preceptos mencionados en la siguiente informaci\u00f3n. <\/p>\n\n\n\n<h3 class=\"wp-block-heading\"><strong>Qui\u00e9nes somos<\/strong><\/h3>\n\n\n\n<ul class=\"wp-block-list\">\n<li>amaltea cultura S.L.U. <\/li>\n\n\n\n<li>CIF: B63120612<\/li>\n\n\n\n<li>direcci\u00f3n social:  Av.Mart\u00ed Pujol, 536 \u00e0tic 2, 08915 de Badalona<\/li>\n\n\n\n<li>direcci\u00f3n web:  https:\/\/www.amalteacultura.com <\/li>\n<\/ul>\n\n\n\n<h3 class=\"wp-block-heading\"><strong>Qu\u00e9 datos personales recogemos y por qu\u00e9 los recogemos<\/strong><\/h3>\n\n\n\n<p>Cuando los visitantes rellenan alguno de los formularios de la web, recopilamos los datos que se muestran en el mismo, as\u00ed como la direcci\u00f3n IP del visitante y la cadena de agentes de usuario del navegador para ayudar a la detecci\u00f3n de spam.<\/p>\n\n\n\n<p>Le informamos que trataremos sus datos conforme a la  existencia de \nsu consentimiento y\/o la relaci\u00f3n contractual que  mantenemos con usted.\n             <\/p>\n\n\n\n<p>amaltea cultura S.L.U.  informa que proceder\u00e1 a  tratar  los datos de manera l\u00edcita, leal, transparente, adecuada,  pertinente,  limitada, exacta y actualizada. Es por ello que  amaltea cultura S.L.U. se compromete a adoptar todas las medidas razonables   para que estos se supriman o rectifiquen sin dilaci\u00f3n cuando sean   inexactos.             <\/p>\n\n\n\n<h3 class=\"wp-block-heading\"><strong>Acceso, rectificaci\u00f3n, limitaci\u00f3n y suspensi\u00f3n<\/strong><\/h3>\n\n\n\n<p>De acuerdo con los derechos que le confiere el la normativa vigente  en protecci\u00f3n de datos podr\u00e1 ejercer los derechos de acceso,  rectificaci\u00f3n, limitaci\u00f3n de tratamiento, supresi\u00f3n, portabilidad y  oposici\u00f3n al tratamiento de sus datos de car\u00e1cter personal as\u00ed como del  consentimiento prestado para el tratamiento de los mismos, dirigiendo su  petici\u00f3n a la direcci\u00f3n postal indicada m\u00e1s arriba o al correo  electr\u00f3nico <a href=\"mailto:info@amateacultura.com\">info@amateacultura.com<\/a><\/p>\n\n\n\n<p>Podr\u00e1 dirigirse a la Autoridad de Control competente para presentar la reclamaci\u00f3n que considere oportuna.<\/p>\n\n\n\n<p>Para m\u00e1s informaci\u00f3n puede consultar nuestro <a href=\"https:\/\/amalteacultura.com\/acalab\/index.php\/aviso-legal\/\">Av\u00edso legal<\/a><\/p>\n","protected":false},"excerpt":{"rendered":"<p>Pol\u00edtica de privacidad: De conformidad con lo establecido en la normativa vigente en Protecci\u00f3n de Datos de Car\u00e1cter Personal (RGPD) y la Ley 34\/2002, de 11 de julio, de Servicios de la Sociedad de la Informaci\u00f3n y de Comercio Electr\u00f3nico (LSSI-CE), amaltea cultura S.L.U. le informa que los datos ser\u00e1n conservados durante el plazo estrictamente [&hellip;]<\/p>\n","protected":false},"author":1,"featured_media":0,"parent":0,"menu_order":0,"comment_status":"closed","ping_status":"closed","template":"","meta":{"footnotes":""},"class_list":["post-3","page","type-page","status-publish","hentry","no-image","with-title"],"yoast_head":"<!-- This site is optimized with the Yoast SEO plugin v27.2 - https:\/\/yoast.com\/product\/yoast-seo-wordpress\/ -->\n<title>Pol\u00edtica de privacidad - ARTS&amp;CARELAB<\/title>\n<meta name=\"robots\" content=\"index, follow, max-snippet:-1, max-image-preview:large, max-video-preview:-1\" \/>\n<link rel=\"canonical\" href=\"https:\/\/amalteacultura.com\/acalab\/index.php\/privacy-policy\/\" \/>\n<meta property=\"og:locale\" content=\"es_ES\" \/>\n<meta property=\"og:type\" content=\"article\" \/>\n<meta property=\"og:title\" content=\"Pol\u00edtica de privacidad - ARTS&amp;CARELAB\" \/>\n<meta property=\"og:description\" content=\"Pol\u00edtica de privacidad: De conformidad con lo establecido en la normativa vigente en Protecci\u00f3n de Datos de Car\u00e1cter Personal (RGPD) y la Ley 34\/2002, de 11 de julio, de Servicios de la Sociedad de la Informaci\u00f3n y de Comercio Electr\u00f3nico (LSSI-CE), amaltea cultura S.L.U. le informa que los datos ser\u00e1n conservados durante el plazo estrictamente [&hellip;]\" \/>\n<meta property=\"og:url\" content=\"https:\/\/amalteacultura.com\/acalab\/index.php\/privacy-policy\/\" \/>\n<meta property=\"og:site_name\" content=\"ARTS&amp;CARELAB\" \/>\n<meta property=\"article:modified_time\" content=\"2023-03-19T07:40:55+00:00\" \/>\n<meta name=\"twitter:card\" content=\"summary_large_image\" \/>\n<meta name=\"twitter:label1\" content=\"Tiempo de lectura\" \/>\n\t<meta name=\"twitter:data1\" content=\"2 minutos\" \/>\n<script type=\"application\/ld+json\" class=\"yoast-schema-graph\">{\"@context\":\"https:\/\/schema.org\",\"@graph\":[{\"@type\":\"WebPage\",\"@id\":\"https:\/\/amalteacultura.com\/acalab\/index.php\/privacy-policy\/\",\"url\":\"https:\/\/amalteacultura.com\/acalab\/index.php\/privacy-policy\/\",\"name\":\"Pol\u00edtica de privacidad - ARTS&amp;CARELAB\",\"isPartOf\":{\"@id\":\"https:\/\/amalteacultura.com\/acalab\/#website\"},\"datePublished\":\"2023-03-17T08:27:49+00:00\",\"dateModified\":\"2023-03-19T07:40:55+00:00\",\"breadcrumb\":{\"@id\":\"https:\/\/amalteacultura.com\/acalab\/index.php\/privacy-policy\/#breadcrumb\"},\"inLanguage\":\"es\",\"potentialAction\":[{\"@type\":\"ReadAction\",\"target\":[\"https:\/\/amalteacultura.com\/acalab\/index.php\/privacy-policy\/\"]}]},{\"@type\":\"BreadcrumbList\",\"@id\":\"https:\/\/amalteacultura.com\/acalab\/index.php\/privacy-policy\/#breadcrumb\",\"itemListElement\":[{\"@type\":\"ListItem\",\"position\":1,\"name\":\"Portada\",\"item\":\"https:\/\/amalteacultura.com\/acalab\/\"},{\"@type\":\"ListItem\",\"position\":2,\"name\":\"Pol\u00edtica de privacidad\"}]},{\"@type\":\"WebSite\",\"@id\":\"https:\/\/amalteacultura.com\/acalab\/#website\",\"url\":\"https:\/\/amalteacultura.com\/acalab\/\",\"name\":\"ARTS&amp;CARELAB\",\"description\":\"\",\"potentialAction\":[{\"@type\":\"SearchAction\",\"target\":{\"@type\":\"EntryPoint\",\"urlTemplate\":\"https:\/\/amalteacultura.com\/acalab\/?s={search_term_string}\"},\"query-input\":{\"@type\":\"PropertyValueSpecification\",\"valueRequired\":true,\"valueName\":\"search_term_string\"}}],\"inLanguage\":\"es\"}]}<\/script>\n<!-- \/ Yoast SEO plugin. -->","yoast_head_json":{"title":"Pol\u00edtica de privacidad - ARTS&amp;CARELAB","robots":{"index":"index","follow":"follow","max-snippet":"max-snippet:-1","max-image-preview":"max-image-preview:large","max-video-preview":"max-video-preview:-1"},"canonical":"https:\/\/amalteacultura.com\/acalab\/index.php\/privacy-policy\/","og_locale":"es_ES","og_type":"article","og_title":"Pol\u00edtica de privacidad - ARTS&amp;CARELAB","og_description":"Pol\u00edtica de privacidad: De conformidad con lo establecido en la normativa vigente en Protecci\u00f3n de Datos de Car\u00e1cter Personal (RGPD) y la Ley 34\/2002, de 11 de julio, de Servicios de la Sociedad de la Informaci\u00f3n y de Comercio Electr\u00f3nico (LSSI-CE), amaltea cultura S.L.U. le informa que los datos ser\u00e1n conservados durante el plazo estrictamente [&hellip;]","og_url":"https:\/\/amalteacultura.com\/acalab\/index.php\/privacy-policy\/","og_site_name":"ARTS&amp;CARELAB","article_modified_time":"2023-03-19T07:40:55+00:00","twitter_card":"summary_large_image","twitter_misc":{"Tiempo de lectura":"2 minutos"},"schema":{"@context":"https:\/\/schema.org","@graph":[{"@type":"WebPage","@id":"https:\/\/amalteacultura.com\/acalab\/index.php\/privacy-policy\/","url":"https:\/\/amalteacultura.com\/acalab\/index.php\/privacy-policy\/","name":"Pol\u00edtica de privacidad - ARTS&amp;CARELAB","isPartOf":{"@id":"https:\/\/amalteacultura.com\/acalab\/#website"},"datePublished":"2023-03-17T08:27:49+00:00","dateModified":"2023-03-19T07:40:55+00:00","breadcrumb":{"@id":"https:\/\/amalteacultura.com\/acalab\/index.php\/privacy-policy\/#breadcrumb"},"inLanguage":"es","potentialAction":[{"@type":"ReadAction","target":["https:\/\/amalteacultura.com\/acalab\/index.php\/privacy-policy\/"]}]},{"@type":"BreadcrumbList","@id":"https:\/\/amalteacultura.com\/acalab\/index.php\/privacy-policy\/#breadcrumb","itemListElement":[{"@type":"ListItem","position":1,"name":"Portada","item":"https:\/\/amalteacultura.com\/acalab\/"},{"@type":"ListItem","position":2,"name":"Pol\u00edtica de privacidad"}]},{"@type":"WebSite","@id":"https:\/\/amalteacultura.com\/acalab\/#website","url":"https:\/\/amalteacultura.com\/acalab\/","name":"ARTS&amp;CARELAB","description":"","potentialAction":[{"@type":"SearchAction","target":{"@type":"EntryPoint","urlTemplate":"https:\/\/amalteacultura.com\/acalab\/?s={search_term_string}"},"query-input":{"@type":"PropertyValueSpecification","valueRequired":true,"valueName":"search_term_string"}}],"inLanguage":"es"}]}},"_links":{"self":[{"href":"https:\/\/amalteacultura.com\/acalab\/index.php\/wp-json\/wp\/v2\/pages\/3","targetHints":{"allow":["GET"]}}],"collection":[{"href":"https:\/\/amalteacultura.com\/acalab\/index.php\/wp-json\/wp\/v2\/pages"}],"about":[{"href":"https:\/\/amalteacultura.com\/acalab\/index.php\/wp-json\/wp\/v2\/types\/page"}],"author":[{"embeddable":true,"href":"https:\/\/amalteacultura.com\/acalab\/index.php\/wp-json\/wp\/v2\/users\/1"}],"replies":[{"embeddable":true,"href":"https:\/\/amalteacultura.com\/acalab\/index.php\/wp-json\/wp\/v2\/comments?post=3"}],"version-history":[{"count":2,"href":"https:\/\/amalteacultura.com\/acalab\/index.php\/wp-json\/wp\/v2\/pages\/3\/revisions"}],"predecessor-version":[{"id":62,"href":"https:\/\/amalteacultura.com\/acalab\/index.php\/wp-json\/wp\/v2\/pages\/3\/revisions\/62"}],"wp:attachment":[{"href":"https:\/\/amalteacultura.com\/acalab\/index.php\/wp-json\/wp\/v2\/media?parent=3"}],"curies":[{"name":"wp","href":"https:\/\/api.w.org\/{rel}","templated":true}]}}