{"id":58,"date":"2023-03-19T07:36:30","date_gmt":"2023-03-19T07:36:30","guid":{"rendered":"https:\/\/amalteacultura.com\/acalab\/?page_id=58"},"modified":"2023-03-19T07:40:02","modified_gmt":"2023-03-19T07:40:02","slug":"aviso-legal","status":"publish","type":"page","link":"https:\/\/amalteacultura.com\/acalab\/index.php\/aviso-legal\/","title":{"rendered":"Av\u00edso Legal"},"content":{"rendered":"\n<p>Av\u00edso Legal: En cumplimiento de la <a aria-label=\"Ley 34\/2002 (se abre en una nueva pesta\u00f1a)\" href=\"https:\/\/www.boe.es\/eli\/es\/l\/2002\/07\/11\/34\/con\" target=\"_blank\" rel=\"noreferrer noopener\">Ley 34\/2002<\/a>, de 11 de julio, de Servicios de la  Sociedad de la Informaci\u00f3n y de Comercio Electr\u00f3nico (LSSI-CE),  amalteacultura S.L.U. informa que es titular del sitio web https:\/\/www.amalteacultura.com. De acuerdo con la exigencia del art\u00edculo 10 de la citada Ley,  amaltea cultura S.L.U.  informa de los siguientes datos:<\/p>\n\n\n\n<p>El titular de este sitio web es amaltea cultura S.L.U. , con CIF B63120612y domicilio social en Av.Mart\u00ed Pujol, 536 \u00e0tic 2, 08915 de Badalona, inscrita en el Registro Mercantil, en el tomo XXXX,  folio XX, hoja XXXXX e inscripci\u00f3n 1. La direcci\u00f3n de correo  electr\u00f3nico de contacto con la empresa es: <a href=\"mailto:info@amalteacultura.com\">info@amalteacultura.com<\/a><\/p>\n\n\n\n<h3 class=\"wp-block-heading\"><strong>Usuario y r\u00e9gimen de responsabilidades<\/strong> <\/h3>\n\n\n\n<p>La navegaci\u00f3n, acceso y uso por el sitio web de amaltea cultura S.L.U.  confiere la condici\u00f3n de usuario, por la  que se aceptan, desde la navegaci\u00f3n por el sitio web de  amaltea cultura S.L.U. , todas las condiciones de uso aqu\u00ed establecidas sin  perjuicio de la aplicaci\u00f3n de la correspondiente normativa de obligado  cumplimiento legal seg\u00fan el caso.<\/p>\n\n\n\n<p>El sitio web de amaltea cultura S.L.U.  proporciona  gran diversidad de informaci\u00f3n, servicios y datos. El usuario asume su  responsabilidad en el uso correcto del sitio web. Esta responsabilidad  se extender\u00e1 a:<\/p>\n\n\n\n<ul class=\"wp-block-list\">\n<li>La veracidad y licitud de las informaciones  aportadas por el usuario en los formularios extendidos por  amaltea cultura S.L.U.  para el acceso a ciertos contenidos o servicios  ofrecidos por el web.<\/li>\n\n\n\n<li> El uso de la informaci\u00f3n, servicios y datos  ofrecidos por  amaltea cultura S.L.U.  contrariamente a lo  dispuesto por las presentes  condiciones, la Ley, la moral, las buenas  costumbres o el orden  p\u00fablico, o que de cualquier otro modo puedan  suponer lesi\u00f3n de los  derechos de terceros o del mismo funcionamiento  del sitio web.              <\/li>\n<\/ul>\n\n\n\n<h3 class=\"wp-block-heading\"><strong>Pol\u00edtica de enlaces y exenciones de responsabilidad<\/strong>  <\/h3>\n\n\n\n<p>amaltea cultura S.L.U.  no se hace responsable del  contenido de los sitios web a los que el usuario pueda acceder a trav\u00e9s  de los enlaces establecidos en su sitio web y declara que en ning\u00fan caso  proceder\u00e1 a examinar o ejercitar ning\u00fan tipo de control sobre el  contenido de otros sitios de la red. Asimismo, tampoco garantizar\u00e1 la  disponibilidad t\u00e9cnica, exactitud, veracidad, validez o legalidad de  sitios ajenos a su propiedad a los que se pueda acceder por medio de los  enlaces.<\/p>\n\n\n\n<p>amaltea cultura S.L.U. declara haber adoptado  todas las medidas necesarias para evitar cualquier da\u00f1o a los usuarios  de su sitio web, que pudieran derivarse de la navegaci\u00f3n por su sitio  web. En consecuencia,  amaltea cultura S.L.U.  no se hace  responsable, en ning\u00fan caso, de los eventuales da\u00f1os que por la  navegaci\u00f3n por Internet pudiera sufrir el usuario.<\/p>\n\n\n\n<h3 class=\"wp-block-heading\"><strong>Modificaciones<\/strong> <\/h3>\n\n\n\n<p>amaltea cultura S.L.U.  se reserva el derecho a  realizar las modificaciones que considere oportunas, sin aviso previo,  en el contenido de su sitio web. Tanto en lo referente a los contenidos  del sitio web, como en las condiciones de uso del mismo, o en las  condiciones generales de contrataci\u00f3n. Dichas modificaciones podr\u00e1n  realizarse a trav\u00e9s de su sitio web por cualquier forma admisible en  derecho y ser\u00e1n de obligado cumplimiento durante el tiempo en que se  encuentren publicadas en el web y hasta que no sean modificadas  v\u00e1lidamente por otras posteriores.<\/p>\n\n\n\n<h3 class=\"wp-block-heading\"><strong>Formularios<\/strong><\/h3>\n\n\n\n<p>Ciertos espacios de la website de  amaltea cultura S.L.U. contienen la posibilidad de enviar sus datos por Internet. El uso  de los mismos requerir\u00e1 la lectura y aceptaci\u00f3n obligatoria de las  condiciones generales de reserva establecidas al efecto por  amaltea cultura S.L.U<\/p>\n\n\n\n<p>De conformidad con lo establecido en la normativa vigente  en Protecci\u00f3n de Datos de Car\u00e1cter Personal, le informamos que sus  datos ser\u00e1n incorporados al sistema de tratamiento titularidad de amaltea cultura S.L.U.  con CIF B63120612 y domicilio social sito  en  Av.Mart\u00ed Pujol, 536 \u00e0tic 2, 08915 de Badalona con la finalidad de poder  facilitar, agilizar y cumplir los compromisos establecidos entre ambas  partes. En cumplimiento con la normativa vigente,  amaltea cultura S.L.U. informa que los datos ser\u00e1n conservados durante el plazo  estrictamente necesario para cumplir con los preceptos mencionados con  anterioridad.<\/p>\n\n\n\n<p>Le informamos que trataremos sus datos conforme a la  existencia de su consentimiento y\/o la relaci\u00f3n contractual que  mantenemos con usted.             <\/p>\n\n\n\n<p>amaltea cultura S.L.U.  informa que proceder\u00e1 a  tratar los datos de manera l\u00edcita, leal, transparente, adecuada,  pertinente, limitada, exacta y actualizada. Es por ello que  amaltea cultura S.L.U. se compromete a adoptar todas las medidas razonables  para que estos se supriman o rectifiquen sin dilaci\u00f3n cuando sean  inexactos.             <\/p>\n\n\n\n<p>De acuerdo con los derechos que le confiere el la  normativa vigente en protecci\u00f3n de datos podr\u00e1 ejercer los derechos de  acceso, rectificaci\u00f3n, limitaci\u00f3n de tratamiento, supresi\u00f3n,  portabilidad y oposici\u00f3n al tratamiento de sus datos de car\u00e1cter  personal as\u00ed como del consentimiento prestado para el tratamiento de los  mismos, dirigiendo su petici\u00f3n a la direcci\u00f3n postal indicada m\u00e1s  arriba o al correo electr\u00f3nico <a href=\"mailto:info@amalteacultura.com\">info@amalteacultura.com<\/a>.<\/p>\n\n\n\n<p>Podr\u00e1 dirigirse a la Autoridad de Control competente para presentar la reclamaci\u00f3n que considere oportuna.<\/p>\n\n\n\n<h3 class=\"wp-block-heading\"><strong>Propiedad intelectual e industrial<\/strong> <\/h3>\n\n\n\n<p>amaltea cultura S.L.U.  por s\u00ed misma o como cesionaria, es titular de todos los derechos de propiedad intelectual e  industrial de su p\u00e1gina web, as\u00ed como de los elementos contenidos en la  misma (a t\u00edtulo enunciativo, im\u00e1genes, sonido, audio, v\u00eddeo, software o  textos; marcas o logotipos, combinaciones de colores, estructura y  dise\u00f1o, selecci\u00f3n de materiales usados, programas de ordenador  necesarios para su funcionamiento, acceso y uso, etc.), titularidad de amaltea cultura S.L.U.  Ser\u00e1n, por consiguiente, obras protegidas  como propiedad intelectual por el ordenamiento jur\u00eddico espa\u00f1ol,  si\u00e9ndoles aplicables tanto la normativa espa\u00f1ola y comunitaria en este  campo, como los tratados internacionales relativos a la materia y  suscritos por Espa\u00f1a.<\/p>\n\n\n\n<p>Todos los derechos reservados. En virtud de lo dispuesto  en la Ley de Propiedad Intelectual, quedan expresamente prohibidas la  reproducci\u00f3n, la distribuci\u00f3n y la comunicaci\u00f3n p\u00fablica, incluida su  modalidad de puesta a disposici\u00f3n, de la totalidad o parte de los  contenidos de esta p\u00e1gina web, con fines comerciales, en cualquier  soporte y por cualquier medio t\u00e9cnico, sin la autorizaci\u00f3n de amaltea cultura S.L.U. <\/p>\n\n\n\n<p>El usuario se compromete a respetar los derechos de  Propiedad Intelectual e Industrial titularidad de amaltea cultura S.L.U. Podr\u00e1 visualizar los elementos del portal e incluso  imprimirlos, copiarlos y almacenarlos en el disco duro de su ordenador o  en cualquier otro soporte f\u00edsico siempre y cuando sea, \u00fanica y  exclusivamente, para su uso personal y privado. El usuario deber\u00e1  abstenerse de suprimir, alterar, eludir o manipular cualquier  dispositivo de protecci\u00f3n o sistema de seguridad que estuviera instalado  en las p\u00e1ginas de  amaltea cultura S.L.U. <\/p>\n\n\n\n<h3 class=\"wp-block-heading\"> <strong>Acciones legales, legislaci\u00f3n aplicable y jurisdicci\u00f3n<\/strong> <\/h3>\n\n\n\n<p>amaltea cultura S.L.U.   se reserva, asimismo, la  facultad de presentar las acciones civiles o penales que considere  oportunas por la utilizaci\u00f3n indebida de su sitio web y contenidos, o  por el incumplimiento de las presentes condiciones.<\/p>\n\n\n\n<p>La relaci\u00f3n entre el usuario y el prestador se regir\u00e1 por  la normativa vigente y de aplicaci\u00f3n en el territorio espa\u00f1ol. De  surgir cualquier controversia las partes podr\u00e1n someter sus conflictos a  arbitraje o acudir a la jurisdicci\u00f3n ordinaria cumpliendo con las  normas sobre jurisdicci\u00f3n y competencia al respecto.  <\/p>\n\n\n\n<p>amaltea cultura S.L.U. tiene su domicilio en Badalona, Espa\u00f1a.<\/p>\n","protected":false},"excerpt":{"rendered":"<p>Av\u00edso Legal: En cumplimiento de la Ley 34\/2002, de 11 de julio, de Servicios de la Sociedad de la Informaci\u00f3n y de Comercio Electr\u00f3nico (LSSI-CE), amalteacultura S.L.U. informa que es titular del sitio web https:\/\/www.amalteacultura.com. De acuerdo con la exigencia del art\u00edculo 10 de la citada Ley, amaltea cultura S.L.U. informa de los siguientes datos: [&hellip;]<\/p>\n","protected":false},"author":1,"featured_media":0,"parent":0,"menu_order":0,"comment_status":"closed","ping_status":"closed","template":"","meta":{"footnotes":""},"class_list":["post-58","page","type-page","status-publish","hentry","no-image","with-title"],"yoast_head":"<!-- This site is optimized with the Yoast SEO plugin v27.2 - https:\/\/yoast.com\/product\/yoast-seo-wordpress\/ -->\n<title>Av\u00edso Legal - ARTS&amp;CARELAB<\/title>\n<meta name=\"robots\" content=\"index, follow, max-snippet:-1, max-image-preview:large, max-video-preview:-1\" \/>\n<link rel=\"canonical\" href=\"https:\/\/amalteacultura.com\/acalab\/index.php\/aviso-legal\/\" \/>\n<meta property=\"og:locale\" content=\"es_ES\" \/>\n<meta property=\"og:type\" content=\"article\" \/>\n<meta property=\"og:title\" content=\"Av\u00edso Legal - ARTS&amp;CARELAB\" \/>\n<meta property=\"og:description\" content=\"Av\u00edso Legal: En cumplimiento de la Ley 34\/2002, de 11 de julio, de Servicios de la Sociedad de la Informaci\u00f3n y de Comercio Electr\u00f3nico (LSSI-CE), amalteacultura S.L.U. informa que es titular del sitio web https:\/\/www.amalteacultura.com. De acuerdo con la exigencia del art\u00edculo 10 de la citada Ley, amaltea cultura S.L.U. informa de los siguientes datos: [&hellip;]\" \/>\n<meta property=\"og:url\" content=\"https:\/\/amalteacultura.com\/acalab\/index.php\/aviso-legal\/\" \/>\n<meta property=\"og:site_name\" content=\"ARTS&amp;CARELAB\" \/>\n<meta property=\"article:modified_time\" content=\"2023-03-19T07:40:02+00:00\" \/>\n<meta name=\"twitter:card\" content=\"summary_large_image\" \/>\n<meta name=\"twitter:label1\" content=\"Tiempo de lectura\" \/>\n\t<meta name=\"twitter:data1\" content=\"6 minutos\" \/>\n<script type=\"application\/ld+json\" class=\"yoast-schema-graph\">{\"@context\":\"https:\/\/schema.org\",\"@graph\":[{\"@type\":\"WebPage\",\"@id\":\"https:\/\/amalteacultura.com\/acalab\/index.php\/aviso-legal\/\",\"url\":\"https:\/\/amalteacultura.com\/acalab\/index.php\/aviso-legal\/\",\"name\":\"Av\u00edso Legal - ARTS&amp;CARELAB\",\"isPartOf\":{\"@id\":\"https:\/\/amalteacultura.com\/acalab\/#website\"},\"datePublished\":\"2023-03-19T07:36:30+00:00\",\"dateModified\":\"2023-03-19T07:40:02+00:00\",\"breadcrumb\":{\"@id\":\"https:\/\/amalteacultura.com\/acalab\/index.php\/aviso-legal\/#breadcrumb\"},\"inLanguage\":\"es\",\"potentialAction\":[{\"@type\":\"ReadAction\",\"target\":[\"https:\/\/amalteacultura.com\/acalab\/index.php\/aviso-legal\/\"]}]},{\"@type\":\"BreadcrumbList\",\"@id\":\"https:\/\/amalteacultura.com\/acalab\/index.php\/aviso-legal\/#breadcrumb\",\"itemListElement\":[{\"@type\":\"ListItem\",\"position\":1,\"name\":\"Portada\",\"item\":\"https:\/\/amalteacultura.com\/acalab\/\"},{\"@type\":\"ListItem\",\"position\":2,\"name\":\"Av\u00edso Legal\"}]},{\"@type\":\"WebSite\",\"@id\":\"https:\/\/amalteacultura.com\/acalab\/#website\",\"url\":\"https:\/\/amalteacultura.com\/acalab\/\",\"name\":\"ARTS&amp;CARELAB\",\"description\":\"\",\"potentialAction\":[{\"@type\":\"SearchAction\",\"target\":{\"@type\":\"EntryPoint\",\"urlTemplate\":\"https:\/\/amalteacultura.com\/acalab\/?s={search_term_string}\"},\"query-input\":{\"@type\":\"PropertyValueSpecification\",\"valueRequired\":true,\"valueName\":\"search_term_string\"}}],\"inLanguage\":\"es\"}]}<\/script>\n<!-- \/ Yoast SEO plugin. -->","yoast_head_json":{"title":"Av\u00edso Legal - ARTS&amp;CARELAB","robots":{"index":"index","follow":"follow","max-snippet":"max-snippet:-1","max-image-preview":"max-image-preview:large","max-video-preview":"max-video-preview:-1"},"canonical":"https:\/\/amalteacultura.com\/acalab\/index.php\/aviso-legal\/","og_locale":"es_ES","og_type":"article","og_title":"Av\u00edso Legal - ARTS&amp;CARELAB","og_description":"Av\u00edso Legal: En cumplimiento de la Ley 34\/2002, de 11 de julio, de Servicios de la Sociedad de la Informaci\u00f3n y de Comercio Electr\u00f3nico (LSSI-CE), amalteacultura S.L.U. informa que es titular del sitio web https:\/\/www.amalteacultura.com. De acuerdo con la exigencia del art\u00edculo 10 de la citada Ley, amaltea cultura S.L.U. informa de los siguientes datos: [&hellip;]","og_url":"https:\/\/amalteacultura.com\/acalab\/index.php\/aviso-legal\/","og_site_name":"ARTS&amp;CARELAB","article_modified_time":"2023-03-19T07:40:02+00:00","twitter_card":"summary_large_image","twitter_misc":{"Tiempo de lectura":"6 minutos"},"schema":{"@context":"https:\/\/schema.org","@graph":[{"@type":"WebPage","@id":"https:\/\/amalteacultura.com\/acalab\/index.php\/aviso-legal\/","url":"https:\/\/amalteacultura.com\/acalab\/index.php\/aviso-legal\/","name":"Av\u00edso Legal - ARTS&amp;CARELAB","isPartOf":{"@id":"https:\/\/amalteacultura.com\/acalab\/#website"},"datePublished":"2023-03-19T07:36:30+00:00","dateModified":"2023-03-19T07:40:02+00:00","breadcrumb":{"@id":"https:\/\/amalteacultura.com\/acalab\/index.php\/aviso-legal\/#breadcrumb"},"inLanguage":"es","potentialAction":[{"@type":"ReadAction","target":["https:\/\/amalteacultura.com\/acalab\/index.php\/aviso-legal\/"]}]},{"@type":"BreadcrumbList","@id":"https:\/\/amalteacultura.com\/acalab\/index.php\/aviso-legal\/#breadcrumb","itemListElement":[{"@type":"ListItem","position":1,"name":"Portada","item":"https:\/\/amalteacultura.com\/acalab\/"},{"@type":"ListItem","position":2,"name":"Av\u00edso Legal"}]},{"@type":"WebSite","@id":"https:\/\/amalteacultura.com\/acalab\/#website","url":"https:\/\/amalteacultura.com\/acalab\/","name":"ARTS&amp;CARELAB","description":"","potentialAction":[{"@type":"SearchAction","target":{"@type":"EntryPoint","urlTemplate":"https:\/\/amalteacultura.com\/acalab\/?s={search_term_string}"},"query-input":{"@type":"PropertyValueSpecification","valueRequired":true,"valueName":"search_term_string"}}],"inLanguage":"es"}]}},"_links":{"self":[{"href":"https:\/\/amalteacultura.com\/acalab\/index.php\/wp-json\/wp\/v2\/pages\/58","targetHints":{"allow":["GET"]}}],"collection":[{"href":"https:\/\/amalteacultura.com\/acalab\/index.php\/wp-json\/wp\/v2\/pages"}],"about":[{"href":"https:\/\/amalteacultura.com\/acalab\/index.php\/wp-json\/wp\/v2\/types\/page"}],"author":[{"embeddable":true,"href":"https:\/\/amalteacultura.com\/acalab\/index.php\/wp-json\/wp\/v2\/users\/1"}],"replies":[{"embeddable":true,"href":"https:\/\/amalteacultura.com\/acalab\/index.php\/wp-json\/wp\/v2\/comments?post=58"}],"version-history":[{"count":2,"href":"https:\/\/amalteacultura.com\/acalab\/index.php\/wp-json\/wp\/v2\/pages\/58\/revisions"}],"predecessor-version":[{"id":61,"href":"https:\/\/amalteacultura.com\/acalab\/index.php\/wp-json\/wp\/v2\/pages\/58\/revisions\/61"}],"wp:attachment":[{"href":"https:\/\/amalteacultura.com\/acalab\/index.php\/wp-json\/wp\/v2\/media?parent=58"}],"curies":[{"name":"wp","href":"https:\/\/api.w.org\/{rel}","templated":true}]}}